{"id":5613,"date":"2020-06-12T19:38:36","date_gmt":"2020-06-12T17:38:36","guid":{"rendered":"https:\/\/www.exhale-fans.com\/lovpligtige-angivelser\/"},"modified":"2025-01-29T02:24:20","modified_gmt":"2025-01-29T01:24:20","slug":"lovpligtige-angivelser","status":"publish","type":"page","link":"https:\/\/www.exhale-fans.com\/da\/lovpligtige-angivelser\/","title":{"rendered":"Lovpligtige angivelser"},"content":{"rendered":"<p>[et_pb_section fb_built=&#8221;1&#8243; admin_label=&#8221;Gallery Section&#8221; module_id=&#8221;chez-vous&#8221; _builder_version=&#8221;4.16&#8243; custom_padding=&#8221;0px||10px|&#8221; global_colors_info=&#8221;{}&#8221;][et_pb_row disabled_on=&#8221;on|on|on&#8221; _builder_version=&#8221;4.16&#8243; background_size=&#8221;initial&#8221; background_position=&#8221;top_left&#8221; background_repeat=&#8221;repeat&#8221; disabled=&#8221;on&#8221; global_colors_info=&#8221;{}&#8221;][et_pb_column type=&#8221;4_4&#8243; _builder_version=&#8221;4.16&#8243; custom_padding=&#8221;|||&#8221; global_colors_info=&#8221;{}&#8221; custom_padding__hover=&#8221;|||&#8221;][et_pb_text admin_label=&#8221;Texte&#8221; _builder_version=&#8221;4.16&#8243; header_2_font=&#8221;Montserrat|700||on|||||&#8221; header_2_font_size=&#8221;35px&#8221; text_orientation=&#8221;center&#8221; custom_margin=&#8221;25px||15px|&#8221; global_colors_info=&#8221;{}&#8221;]<\/p>\n<h2>Lovpligtige angivelser<\/h2>\n<p>Udf\u00f8rsel af site: ELLA<br \/>\nEjerskab af site: FREERISE<br \/>\nSAS med kapital p\u00e5 5000 \u20ac,<br \/>\nFreerise er europ\u00e6isk enedistribut\u00f8r af produkter fra Exhale.[\/et_pb_text][\/et_pb_column][\/et_pb_row][et_pb_row _builder_version=&#8221;4.16&#8243; background_size=&#8221;initial&#8221; background_position=&#8221;top_left&#8221; background_repeat=&#8221;repeat&#8221; global_colors_info=&#8221;{}&#8221;][et_pb_column type=&#8221;4_4&#8243; _builder_version=&#8221;4.16&#8243; custom_padding=&#8221;|||&#8221; global_colors_info=&#8221;{}&#8221; custom_padding__hover=&#8221;|||&#8221;][et_pb_text admin_label=&#8221;Texte&#8221; _builder_version=&#8221;4.16&#8243; header_2_font=&#8221;Montserrat|700||on|||||&#8221; header_2_font_size=&#8221;35px&#8221; text_orientation=&#8221;center&#8221; custom_margin=&#8221;25px||15px|&#8221; global_colors_info=&#8221;{}&#8221;]<\/p>\n<h2>Juridiske oplysninger<\/h2>\n<p>[\/et_pb_text][et_pb_text admin_label=&#8221;Texte&#8221; _builder_version=&#8221;4.27.4&#8243; header_2_font=&#8221;Montserrat|700||on|||||&#8221; header_2_font_size=&#8221;35px&#8221; custom_margin=&#8221;25px||15px|&#8221; hover_enabled=&#8221;0&#8243; global_colors_info=&#8221;{}&#8221; sticky_enabled=&#8221;0&#8243;]<\/p>\n<h3>Ejer af webstedet og leder af publikationen<\/h3>\n<p>SAS FREERISE<\/p>\n<p>2 avenue Pythagore<br \/>\nBAL 33<br \/>\n06560 VALBONNE<br \/>\nFRANKRIG<\/p>\n<h3>Hosting af websted<\/h3>\n<p>OVH<\/p>\n<h3>Ophavsrettigheder<\/h3>\n<p>Hele dette websted er underlagt den franske lovgivning om ophavsret og intellektuel ejendomsret. I henhold til loven af 11. marts 1957 (art. 41) og loven om intellektuel ejendomsret af 1. juli 1992 er enhver repr\u00e6sentation, reproduktion, \u00e6ndring, kommerciel brug, helt eller delvist, samt enhver overf\u00f8rsel til et andet websted forbudt, medmindre SAS FREERISE har givet tilladelse hertil. Logos, billeder og pdf-filer p\u00e5 dette websted tilh\u00f8rer SAS FREERISE. Enhver hel eller delvis gengivelse af dette websted eller af nogen af dets komponenter er forbudt. Virksomheden SAS FREERISE forbeholder sig ret til at kr\u00e6ve erstatning i tilf\u00e6lde af kr\u00e6nkelse og mere generelt af sine intellektuelle ejendomsrettigheder.<\/p>\n<h3>Copyright SAS FREERISE<\/h3>\n<p>Alle tekster, visuelt indhold, diagrammer, billeder, videoer og logoer er SAS FREERISE&#8217;s ejendom.<\/p>\n<p>Enhver reproduktion, ogs\u00e5 delvis, er strengt forbudt uden tilladelse fra SAS FREERISE; enhver lovovertr\u00e6der kan blive retsforfulgt.<\/p>\n<p>Send venligst en e-mail til info@exhale-europe.com for at f\u00e5 en anmodning.<\/p>\n<h3>Ansvarsfraskrivelse<\/h3>\n<p>Form\u00e5let med indholdet p\u00e5 dette websted er at give generelle oplysninger om et eller flere ventilationsapparater og luftbev\u00e6gere. Oplysningerne p\u00e5 dette websted er blevet udarbejdet og kontrolleret med den st\u00f8rste omhu. Vi kan dog ikke p\u00e5tage os noget ansvar for oplysningernes aktualitet, n\u00f8jagtighed, fuldst\u00e6ndighed og\/eller kvalitet.<\/p>\n<p>Vi kan ikke holdes ansvarlige for delvis eller fuldst\u00e6ndig fejl p\u00e5 et produkt. De beskrevne virkninger er vejledende og udg\u00f8r ikke en endelig sikkerhed for resultaterne for alle. Vidnesbyrd, effektivitetsunders\u00f8gelser eller andre oplysninger om vores produkters og tjenesters ydeevne garanterer ikke en lignende effekt for alle brugere. De opn\u00e5ede resultater kan variere fra person til person. De anvendte billeder og fotos er til illustrative form\u00e5l og skal ikke opfattes som en garanti for resultater.<\/p>\n<p>SAS FREERISE fral\u00e6gger sig ethvert ansvar for handlinger, der foretages p\u00e5 grundlag af dette websted.<\/p>\n<p>Brugen af dette websted og downloading af data sker p\u00e5 eget ansvar. SAS FREERISE p\u00e5tager sig intet ansvar for eventuelle skader, is\u00e6r p\u00e5 brugerens datafiler, hardware og\/eller software, som f\u00f8lge af en s\u00e5dan handling.<\/p>\n<h3>Direktiv om beskyttelse af personoplysninger<\/h3>\n<p>Vores websted www.exhale-fans.com indsamler personlige oplysninger om dig (navn, fornavn, adresse, telefon, e-mail). Disse data arkiveres og sikres i vores private database, der er gemt af vores webtjenesteudbyder.<\/p>\n<p>Kun FREERISE-medarbejdere og vores webudbyder har adgang.<\/p>\n<p>Kun FREERISE-ansatte kan bruge dem.<\/p>\n<p>N\u00e5r du udfylder en formular p\u00e5 vores websted www.exhale-fans.com, accepterer du, at vi m\u00e5 bruge dem til kommercielle form\u00e5l. Alle formularer, der udfyldes af brugere af webstedet www.exhale-fans.com, vil sandsynligvis blive anvendt til kommercielle form\u00e5l.<\/p>\n<p>Du kan forlade vores databaser:<\/p>\n<ul>\n<li>Ved simpel skriftlig eller mundtlig henvendelse til vores tjenestegrene (info@exhale-europe.com eller 04 92 38 96 50)<\/li>\n<li>Ved at afmelde dig fra en af vores e-mails (afmeldingslinket nederst i e-mailen)<\/li>\n<\/ul>\n<p>Du kan ogs\u00e5 bede os om at \u00e6ndre eller delvis slette nogle af dine data (e-mail, telefon, postadresse) ved skriftlig eller mundtlig henvendelse til vores tjenestegrene (info@exhale-europe.com eller 04 92 38 96 50).[\/et_pb_text][et_pb_text disabled_on=&#8221;on|on|on&#8221; admin_label=&#8221;Texte&#8221; _builder_version=&#8221;4.21.0&#8243; header_2_font=&#8221;Montserrat|700||on|||||&#8221; header_2_font_size=&#8221;35px&#8221; custom_margin=&#8221;25px||15px|&#8221; disabled=&#8221;on&#8221; global_colors_info=&#8221;{}&#8221;]<\/p>\n<h3>Ejer af webstedet og leder af publikationen<\/h3>\n<p>SAS FREERISE<\/p>\n<p>14 Lot la Noria<br \/>\n06410 BIOT<br \/>\nFRANKRIG<\/p>\n<h3>Hosting af websted<\/h3>\n<p>OVH<\/p>\n<h3>Ophavsrettigheder<\/h3>\n<p>Hele dette websted er underlagt den franske lovgivning om ophavsret og intellektuel ejendomsret. I henhold til loven af 11. marts 1957 (art. 41) og loven om intellektuel ejendomsret af 1. juli 1992 er enhver repr\u00e6sentation, reproduktion, \u00e6ndring, kommerciel brug, helt eller delvist, samt enhver overf\u00f8rsel til et andet websted forbudt, medmindre SAS FREERISE har givet tilladelse hertil. Logos, billeder og pdf-filer p\u00e5 dette websted tilh\u00f8rer SAS FREERISE. Enhver hel eller delvis gengivelse af dette websted eller af nogen af dets komponenter er forbudt. Virksomheden SAS FREERISE forbeholder sig ret til at kr\u00e6ve erstatning i tilf\u00e6lde af kr\u00e6nkelse og mere generelt af sine intellektuelle ejendomsrettigheder.<\/p>\n<h3>Copyright SAS FREERISE<\/h3>\n<p>Alle tekster, visuelt indhold, diagrammer, billeder, videoer og logoer er SAS FREERISE&#8217;s ejendom.<\/p>\n<p>Enhver reproduktion, ogs\u00e5 delvis, er strengt forbudt uden tilladelse fra SAS FREERISE; enhver lovovertr\u00e6der kan blive retsforfulgt.<\/p>\n<p>Send venligst en e-mail til info@exhale-europe.com for at f\u00e5 en anmodning.<\/p>\n<h3>Ansvarsfraskrivelse<\/h3>\n<p>Form\u00e5let med indholdet p\u00e5 dette websted er at give generelle oplysninger om et eller flere ventilationsapparater og luftbev\u00e6gere. Oplysningerne p\u00e5 dette websted er blevet udarbejdet og kontrolleret med den st\u00f8rste omhu. Vi kan dog ikke p\u00e5tage os noget ansvar for oplysningernes aktualitet, n\u00f8jagtighed, fuldst\u00e6ndighed og\/eller kvalitet.<\/p>\n<p>Vi kan ikke holdes ansvarlige for delvis eller fuldst\u00e6ndig fejl p\u00e5 et produkt. De beskrevne virkninger er vejledende og udg\u00f8r ikke en endelig sikkerhed for resultaterne for alle. Vidnesbyrd, effektivitetsunders\u00f8gelser eller andre oplysninger om vores produkters og tjenesters ydeevne garanterer ikke en lignende effekt for alle brugere. De opn\u00e5ede resultater kan variere fra person til person. De anvendte billeder og fotos er til illustrative form\u00e5l og skal ikke opfattes som en garanti for resultater.<\/p>\n<p>SAS FREERISE fral\u00e6gger sig ethvert ansvar for handlinger, der foretages p\u00e5 grundlag af dette websted.<\/p>\n<p>Brugen af dette websted og downloading af data sker p\u00e5 eget ansvar. SAS FREERISE p\u00e5tager sig intet ansvar for eventuelle skader, is\u00e6r p\u00e5 brugerens datafiler, hardware og\/eller software, som f\u00f8lge af en s\u00e5dan handling.<\/p>\n<h3>Direktiv om beskyttelse af personoplysninger<\/h3>\n<p>Vores websted www.exhale-fans.com indsamler personlige oplysninger om dig (navn, fornavn, adresse, telefon, e-mail). Disse data arkiveres og sikres i vores private database, der er gemt af vores webtjenesteudbyder.<\/p>\n<p>Kun FREERISE-medarbejdere og vores webudbyder har adgang.<\/p>\n<p>Kun FREERISE-ansatte kan bruge dem.<\/p>\n<p>N\u00e5r du udfylder en formular p\u00e5 vores websted www.exhale-fans.com, accepterer du, at vi m\u00e5 bruge dem til kommercielle form\u00e5l. Alle formularer, der udfyldes af brugere af webstedet www.exhale-fans.com, vil sandsynligvis blive anvendt til kommercielle form\u00e5l.<\/p>\n<p>Du kan forlade vores databaser:<\/p>\n<ul>\n<li>Ved simpel skriftlig eller mundtlig henvendelse til vores tjenestegrene (info@exhale-europe.com eller 04 92 38 96 50)<\/li>\n<li>Ved at afmelde dig fra en af vores e-mails (afmeldingslinket nederst i e-mailen)<\/li>\n<\/ul>\n<p>Du kan ogs\u00e5 bede os om at \u00e6ndre eller delvis slette nogle af dine data (e-mail, telefon, postadresse) ved skriftlig eller mundtlig henvendelse til vores tjenestegrene (info@exhale-europe.com eller 04 92 38 96 50).[\/et_pb_text][\/et_pb_column][\/et_pb_row][\/et_pb_section]<\/p>\n","protected":false},"excerpt":{"rendered":"<p>Lovpligtige angivelser Udf\u00f8rsel af site: ELLA Ejerskab af site: FREERISE SAS med kapital p\u00e5 5000 \u20ac, Freerise er europ\u00e6isk enedistribut\u00f8r af produkter fra Exhale.Juridiske oplysningerEjer af webstedet og leder af publikationen SAS FREERISE 2 avenue Pythagore BAL 33 06560 VALBONNE FRANKRIG Hosting af websted OVH Ophavsrettigheder Hele dette websted er underlagt den franske lovgivning om [&hellip;]<\/p>\n","protected":false},"author":2,"featured_media":0,"parent":0,"menu_order":0,"comment_status":"closed","ping_status":"closed","template":"","meta":{"_et_pb_use_builder":"on","_et_pb_old_content":"","_et_gb_content_width":"","footnotes":""},"class_list":["post-5613","page","type-page","status-publish","hentry"],"yoast_head":"<!-- This site is optimized with the Yoast SEO plugin v26.6 - https:\/\/yoast.com\/wordpress\/plugins\/seo\/ -->\n<title>Lovpligtige angivelser - Exhale Fans<\/title>\n<meta name=\"robots\" content=\"noindex, nofollow\" \/>\n<meta property=\"og:locale\" content=\"da_DK\" \/>\n<meta property=\"og:type\" content=\"article\" \/>\n<meta property=\"og:title\" content=\"Lovpligtige angivelser - Exhale Fans\" \/>\n<meta property=\"og:description\" content=\"Lovpligtige angivelser Udf\u00f8rsel af site: ELLA Ejerskab af site: FREERISE SAS med kapital p\u00e5 5000 \u20ac, Freerise er europ\u00e6isk enedistribut\u00f8r af produkter fra Exhale.Juridiske oplysningerEjer af webstedet og leder af publikationen SAS FREERISE 2 avenue Pythagore BAL 33 06560 VALBONNE FRANKRIG Hosting af websted OVH Ophavsrettigheder Hele dette websted er underlagt den franske lovgivning om [&hellip;]\" \/>\n<meta property=\"og:url\" content=\"https:\/\/www.exhale-fans.com\/da\/lovpligtige-angivelser\/\" \/>\n<meta property=\"og:site_name\" content=\"Exhale Fans\" \/>\n<meta property=\"article:publisher\" content=\"https:\/\/www.facebook.com\/exhale.europe\" \/>\n<meta property=\"article:modified_time\" content=\"2025-01-29T01:24:20+00:00\" \/>\n<meta name=\"twitter:card\" content=\"summary_large_image\" \/>\n<meta name=\"twitter:label1\" content=\"Estimeret l\u00e6setid\" \/>\n\t<meta name=\"twitter:data1\" content=\"6 minutter\" \/>\n<script type=\"application\/ld+json\" class=\"yoast-schema-graph\">{\"@context\":\"https:\/\/schema.org\",\"@graph\":[{\"@type\":\"WebPage\",\"@id\":\"https:\/\/www.exhale-fans.com\/da\/lovpligtige-angivelser\/\",\"url\":\"https:\/\/www.exhale-fans.com\/da\/lovpligtige-angivelser\/\",\"name\":\"Lovpligtige angivelser - Exhale Fans\",\"isPartOf\":{\"@id\":\"https:\/\/www.exhale-fans.com\/da\/#website\"},\"datePublished\":\"2020-06-12T17:38:36+00:00\",\"dateModified\":\"2025-01-29T01:24:20+00:00\",\"breadcrumb\":{\"@id\":\"https:\/\/www.exhale-fans.com\/da\/lovpligtige-angivelser\/#breadcrumb\"},\"inLanguage\":\"da-DK\",\"potentialAction\":[{\"@type\":\"ReadAction\",\"target\":[\"https:\/\/www.exhale-fans.com\/da\/lovpligtige-angivelser\/\"]}]},{\"@type\":\"BreadcrumbList\",\"@id\":\"https:\/\/www.exhale-fans.com\/da\/lovpligtige-angivelser\/#breadcrumb\",\"itemListElement\":[{\"@type\":\"ListItem\",\"position\":1,\"name\":\"Loftventilator\",\"item\":\"https:\/\/www.exhale-fans.com\/da\/\"},{\"@type\":\"ListItem\",\"position\":2,\"name\":\"Lovpligtige angivelser\"}]},{\"@type\":\"WebSite\",\"@id\":\"https:\/\/www.exhale-fans.com\/da\/#website\",\"url\":\"https:\/\/www.exhale-fans.com\/da\/\",\"name\":\"Exhale Fans\",\"description\":\"Exhale Fans\",\"publisher\":{\"@id\":\"https:\/\/www.exhale-fans.com\/da\/#organization\"},\"potentialAction\":[{\"@type\":\"SearchAction\",\"target\":{\"@type\":\"EntryPoint\",\"urlTemplate\":\"https:\/\/www.exhale-fans.com\/da\/?s={search_term_string}\"},\"query-input\":{\"@type\":\"PropertyValueSpecification\",\"valueRequired\":true,\"valueName\":\"search_term_string\"}}],\"inLanguage\":\"da-DK\"},{\"@type\":\"Organization\",\"@id\":\"https:\/\/www.exhale-fans.com\/da\/#organization\",\"name\":\"Exhale Fans\",\"url\":\"https:\/\/www.exhale-fans.com\/da\/\",\"logo\":{\"@type\":\"ImageObject\",\"inLanguage\":\"da-DK\",\"@id\":\"https:\/\/www.exhale-fans.com\/da\/#\/schema\/logo\/image\/\",\"url\":\"https:\/\/www.exhale-fans.com\/wp-content\/uploads\/2018\/09\/exhale-logo.png\",\"contentUrl\":\"https:\/\/www.exhale-fans.com\/wp-content\/uploads\/2018\/09\/exhale-logo.png\",\"width\":140,\"height\":43,\"caption\":\"Exhale Fans\"},\"image\":{\"@id\":\"https:\/\/www.exhale-fans.com\/da\/#\/schema\/logo\/image\/\"},\"sameAs\":[\"https:\/\/www.facebook.com\/exhale.europe\",\"https:\/\/www.instagram.com\/exhalefanseu\/\"]}]}<\/script>\n<!-- \/ Yoast SEO plugin. -->","yoast_head_json":{"title":"Lovpligtige angivelser - Exhale Fans","robots":{"index":"noindex","follow":"nofollow"},"og_locale":"da_DK","og_type":"article","og_title":"Lovpligtige angivelser - Exhale Fans","og_description":"Lovpligtige angivelser Udf\u00f8rsel af site: ELLA Ejerskab af site: FREERISE SAS med kapital p\u00e5 5000 \u20ac, Freerise er europ\u00e6isk enedistribut\u00f8r af produkter fra Exhale.Juridiske oplysningerEjer af webstedet og leder af publikationen SAS FREERISE 2 avenue Pythagore BAL 33 06560 VALBONNE FRANKRIG Hosting af websted OVH Ophavsrettigheder Hele dette websted er underlagt den franske lovgivning om [&hellip;]","og_url":"https:\/\/www.exhale-fans.com\/da\/lovpligtige-angivelser\/","og_site_name":"Exhale Fans","article_publisher":"https:\/\/www.facebook.com\/exhale.europe","article_modified_time":"2025-01-29T01:24:20+00:00","twitter_card":"summary_large_image","twitter_misc":{"Estimeret l\u00e6setid":"6 minutter"},"schema":{"@context":"https:\/\/schema.org","@graph":[{"@type":"WebPage","@id":"https:\/\/www.exhale-fans.com\/da\/lovpligtige-angivelser\/","url":"https:\/\/www.exhale-fans.com\/da\/lovpligtige-angivelser\/","name":"Lovpligtige angivelser - Exhale Fans","isPartOf":{"@id":"https:\/\/www.exhale-fans.com\/da\/#website"},"datePublished":"2020-06-12T17:38:36+00:00","dateModified":"2025-01-29T01:24:20+00:00","breadcrumb":{"@id":"https:\/\/www.exhale-fans.com\/da\/lovpligtige-angivelser\/#breadcrumb"},"inLanguage":"da-DK","potentialAction":[{"@type":"ReadAction","target":["https:\/\/www.exhale-fans.com\/da\/lovpligtige-angivelser\/"]}]},{"@type":"BreadcrumbList","@id":"https:\/\/www.exhale-fans.com\/da\/lovpligtige-angivelser\/#breadcrumb","itemListElement":[{"@type":"ListItem","position":1,"name":"Loftventilator","item":"https:\/\/www.exhale-fans.com\/da\/"},{"@type":"ListItem","position":2,"name":"Lovpligtige angivelser"}]},{"@type":"WebSite","@id":"https:\/\/www.exhale-fans.com\/da\/#website","url":"https:\/\/www.exhale-fans.com\/da\/","name":"Exhale Fans","description":"Exhale Fans","publisher":{"@id":"https:\/\/www.exhale-fans.com\/da\/#organization"},"potentialAction":[{"@type":"SearchAction","target":{"@type":"EntryPoint","urlTemplate":"https:\/\/www.exhale-fans.com\/da\/?s={search_term_string}"},"query-input":{"@type":"PropertyValueSpecification","valueRequired":true,"valueName":"search_term_string"}}],"inLanguage":"da-DK"},{"@type":"Organization","@id":"https:\/\/www.exhale-fans.com\/da\/#organization","name":"Exhale Fans","url":"https:\/\/www.exhale-fans.com\/da\/","logo":{"@type":"ImageObject","inLanguage":"da-DK","@id":"https:\/\/www.exhale-fans.com\/da\/#\/schema\/logo\/image\/","url":"https:\/\/www.exhale-fans.com\/wp-content\/uploads\/2018\/09\/exhale-logo.png","contentUrl":"https:\/\/www.exhale-fans.com\/wp-content\/uploads\/2018\/09\/exhale-logo.png","width":140,"height":43,"caption":"Exhale Fans"},"image":{"@id":"https:\/\/www.exhale-fans.com\/da\/#\/schema\/logo\/image\/"},"sameAs":["https:\/\/www.facebook.com\/exhale.europe","https:\/\/www.instagram.com\/exhalefanseu\/"]}]}},"_links":{"self":[{"href":"https:\/\/www.exhale-fans.com\/da\/wp-json\/wp\/v2\/pages\/5613","targetHints":{"allow":["GET"]}}],"collection":[{"href":"https:\/\/www.exhale-fans.com\/da\/wp-json\/wp\/v2\/pages"}],"about":[{"href":"https:\/\/www.exhale-fans.com\/da\/wp-json\/wp\/v2\/types\/page"}],"author":[{"embeddable":true,"href":"https:\/\/www.exhale-fans.com\/da\/wp-json\/wp\/v2\/users\/2"}],"replies":[{"embeddable":true,"href":"https:\/\/www.exhale-fans.com\/da\/wp-json\/wp\/v2\/comments?post=5613"}],"version-history":[{"count":18,"href":"https:\/\/www.exhale-fans.com\/da\/wp-json\/wp\/v2\/pages\/5613\/revisions"}],"predecessor-version":[{"id":38216,"href":"https:\/\/www.exhale-fans.com\/da\/wp-json\/wp\/v2\/pages\/5613\/revisions\/38216"}],"wp:attachment":[{"href":"https:\/\/www.exhale-fans.com\/da\/wp-json\/wp\/v2\/media?parent=5613"}],"curies":[{"name":"wp","href":"https:\/\/api.w.org\/{rel}","templated":true}]}}