{"id":5601,"date":"2020-06-12T19:31:30","date_gmt":"2020-06-12T17:31:30","guid":{"rendered":"https:\/\/www.exhale-fans.com\/haftungsausschluss\/"},"modified":"2025-01-29T02:11:03","modified_gmt":"2025-01-29T01:11:03","slug":"haftungsausschluss","status":"publish","type":"page","link":"https:\/\/www.exhale-fans.com\/de\/haftungsausschluss\/","title":{"rendered":"Haftungsausschluss"},"content":{"rendered":"<p>[et_pb_section fb_built=&#8221;1&#8243; admin_label=&#8221;Gallery Section&#8221; module_id=&#8221;chez-vous&#8221; _builder_version=&#8221;4.16&#8243; custom_padding=&#8221;0px||10px|&#8221; global_colors_info=&#8221;{}&#8221;][et_pb_row disabled_on=&#8221;on|on|on&#8221; _builder_version=&#8221;4.16&#8243; background_size=&#8221;initial&#8221; background_position=&#8221;top_left&#8221; background_repeat=&#8221;repeat&#8221; disabled=&#8221;on&#8221; global_colors_info=&#8221;{}&#8221;][et_pb_column type=&#8221;4_4&#8243; _builder_version=&#8221;4.16&#8243; custom_padding=&#8221;|||&#8221; global_colors_info=&#8221;{}&#8221; custom_padding__hover=&#8221;|||&#8221;][et_pb_text admin_label=&#8221;Texte&#8221; _builder_version=&#8221;4.16&#8243; header_2_font=&#8221;Montserrat|700||on|||||&#8221; header_2_font_size=&#8221;35px&#8221; text_orientation=&#8221;center&#8221; custom_margin=&#8221;25px||15px|&#8221; global_colors_info=&#8221;{}&#8221;]<\/p>\n<h2>Rechtliche Hinweise<\/h2>\n<p>Website-Design: ELLA<br \/>\nWebsite-Eigent\u00fcmer: FREERISE<br \/>\nSAS mit einem Kapital von 5000 \u20ac<br \/>\nFreerise ist der exklusive europ\u00e4ische H\u00e4ndler der Exhale Deckenventilator Produkte.[\/et_pb_text][\/et_pb_column][\/et_pb_row][et_pb_row _builder_version=&#8221;4.16&#8243; background_size=&#8221;initial&#8221; background_position=&#8221;top_left&#8221; background_repeat=&#8221;repeat&#8221; global_colors_info=&#8221;{}&#8221;][et_pb_column type=&#8221;4_4&#8243; _builder_version=&#8221;4.16&#8243; custom_padding=&#8221;|||&#8221; global_colors_info=&#8221;{}&#8221; custom_padding__hover=&#8221;|||&#8221;][et_pb_text admin_label=&#8221;Texte&#8221; _builder_version=&#8221;4.16&#8243; header_2_font=&#8221;Montserrat|700||on|||||&#8221; header_2_font_size=&#8221;35px&#8221; text_orientation=&#8221;center&#8221; custom_margin=&#8221;25px||15px|&#8221; global_colors_info=&#8221;{}&#8221;]<\/p>\n<h2>Rechtliche Hinweise<\/h2>\n<p>[\/et_pb_text][et_pb_text admin_label=&#8221;Texte&#8221; _builder_version=&#8221;4.27.4&#8243; header_2_font=&#8221;Montserrat|700||on|||||&#8221; header_2_font_size=&#8221;35px&#8221; custom_margin=&#8221;25px||15px|&#8221; hover_enabled=&#8221;0&#8243; global_colors_info=&#8221;{}&#8221; sticky_enabled=&#8221;0&#8243;]<\/p>\n<h3>Eigent\u00fcmer der Website &amp; Verantwortlicher f\u00fcr die Ver\u00f6ffentlichung<\/h3>\n<p>SAS FREERISE<\/p>\n<p>2 avenue Pythagore<br \/>\nBAL 33<br \/>\n06560 VALBONNE<br \/>\nFRANKREICH<\/p>\n<h3>Hosting der Internetseite<\/h3>\n<p>OVH<\/p>\n<h3>Rechte des Autors<\/h3>\n<p>Die gesamte Website unterliegt der franz\u00f6sischen Gesetzgebung \u00fcber das Urheberrecht und das geistige Eigentum. In Anwendung des Gesetzes vom 11. M\u00e4rz 1957 (Art. 41) und des Gesetzes \u00fcber geistiges Eigentum vom 1. Juli 1992 ist jede Darstellung, Vervielf\u00e4ltigung, \u00c4nderung, teilweise oder vollst\u00e4ndige kommerzielle Nutzung sowie jede \u00dcbertragung auf eine andere Website ohne Genehmigung der Firma SAS FREERISE untersagt. Die Logos, Bilder und PDFs auf dieser Website sind Eigentum der Firma SAS FREERISE. Jede vollst\u00e4ndige oder teilweise Vervielf\u00e4ltigung dieser Website oder eines ihrer Bestandteile ist untersagt. Die Firma SAS FREERISE beh\u00e4lt sich das Recht vor, im Falle einer F\u00e4lschung und ganz allgemein einer Verletzung ihrer geistigen Eigentumsrechte Schadensersatz zu verlangen.<\/p>\n<h3>Copyright SAS FREERISE<\/h3>\n<p>Alle Texte, visuellen Inhalte, Schemata, Bilder, Videos und Logos sind Eigentum von SAS FREERISE.<\/p>\n<p>Jegliche Vervielf\u00e4ltigung, auch auszugsweise, ist ohne die Genehmigung von SAS FREERISE strengstens untersagt; Zuwiderhandlungen werden strafrechtlich verfolgt.<\/p>\n<p>Bitte senden Sie eine E-Mail an info@exhale-europe.com f\u00fcr alle Anfragen.<\/p>\n<h3>Haftungsausschluss<\/h3>\n<p>Der Inhalt dieser Website dient der allgemeinen Information \u00fcber ein oder mehrere L\u00fcftungsger\u00e4te und Luftbeweger. Die Informationen auf dieser Website wurden mit gr\u00f6\u00dftm\u00f6glicher Sorgfalt zusammengestellt und gepr\u00fcft. Dennoch \u00fcbernehmen wir keine Haftung f\u00fcr ihre Aktualit\u00e4t, Richtigkeit, Vollst\u00e4ndigkeit und\/oder Qualit\u00e4t.<\/p>\n<p>Wir \u00fcbernehmen keine Verantwortung f\u00fcr den Fall, dass die Verwendung eines Produkts teilweise oder vollst\u00e4ndig fehlschl\u00e4gt. Die beschriebenen Wirkungen dienen lediglich der Veranschaulichung und stellen keine endg\u00fcltige Gewissheit \u00fcber das Ergebnis f\u00fcr alle dar. Erfahrungsberichte, Wirksamkeitsstudien oder andere Informationen, die auf die Leistung unserer Produkte und Leistungen hinweisen, sind keine Garantie f\u00fcr eine \u00e4hnliche Wirkung bei allen Nutzern. Die erzielten Ergebnisse k\u00f6nnen von Person zu Person unterschiedlich ausfallen. Die verwendeten Bilder und Fotos dienen der Veranschaulichung und k\u00f6nnen nicht als garantiertes Ergebnis interpretiert werden.<\/p>\n<p>SAS FREERISE \u00fcbernimmt keine Verantwortung f\u00fcr Handlungen, die auf der Grundlage dieser Website unternommen werden.<\/p>\n<p>Die Nutzung dieser Website und das Herunterladen von Daten erfolgt auf eigenes Risiko. SAS FREERISE \u00fcbernimmt keine Haftung f\u00fcr Sch\u00e4den, insbesondere an den Datenbest\u00e4nden, der Hardware und\/oder Software des Nutzers, die aus einer solchen Handlung resultieren.<\/p>\n<h3>Richtlinie zum Schutz personenbezogener Daten<\/h3>\n<p>Unsere Website www.exhale-fans.com sammelt pers\u00f6nliche Daten \u00fcber Sie (Name, Vorname, Adresse, Telefon, E-Mail). Diese Daten werden in unserer privaten Datenbank, die von unserem Webdienstleister gesichert wird, archiviert und gesichert.<\/p>\n<p>Nur Mitarbeiter von FREERISE und unseres Webanbieters haben Zugriff.<\/p>\n<p>Nur Mitarbeiter von FREERISE k\u00f6nnen sie verwenden.<\/p>\n<p>Durch das Ausf\u00fcllen eines Formulars auf unserer Website www.exhale-fans.com erkl\u00e4ren Sie sich damit einverstanden, dass wir sie zu Marketingzwecken verwenden. Alle Formulare, die von den Nutzern der Website www.exhale-fans.com ausgef\u00fcllt werden, k\u00f6nnen f\u00fcr kommerzielle Aktionen verwendet werden.<\/p>\n<p>Sie k\u00f6nnen unsere Datenbanken verlassen:<\/p>\n<ul>\n<li>Durch eine einfache schriftliche oder m\u00fcndliche Anfrage an unsere Dienststellen (info@exhale-europe.com oder 04 92 38 96 50).<\/li>\n<li>Indem Sie sich von einer unserer E-Mails abmelden (Link zum Abmelden am Ende der E-Mail).<\/li>\n<\/ul>\n<p>Sie k\u00f6nnen uns auch bitten, Ihre Daten (E-Mail, Telefon, Postanschrift) zu \u00e4ndern oder teilweise zu l\u00f6schen, indem Sie eine schriftliche oder m\u00fcndliche Anfrage an unsere Dienststellen richten (info@exhale-europe.com oder 04 92 38 96 50).[\/et_pb_text][et_pb_text disabled_on=&#8221;on|on|on&#8221; admin_label=&#8221;Texte&#8221; _builder_version=&#8221;4.21.0&#8243; header_2_font=&#8221;Montserrat|700||on|||||&#8221; header_2_font_size=&#8221;35px&#8221; custom_margin=&#8221;25px||15px|&#8221; disabled=&#8221;on&#8221; global_colors_info=&#8221;{}&#8221;]<\/p>\n<h3>Eigent\u00fcmer der Website &amp; Verantwortlicher f\u00fcr die Ver\u00f6ffentlichung<\/h3>\n<p>SAS FREERISE<\/p>\n<p>14 Lot la Noria<br \/>\n06410 BIOT<br \/>\nFRANKREICH<\/p>\n<h3>Hosting der Internetseite<\/h3>\n<p>OVH<\/p>\n<h3>Rechte des Autors<\/h3>\n<p>Die gesamte Website unterliegt der franz\u00f6sischen Gesetzgebung \u00fcber das Urheberrecht und das geistige Eigentum. In Anwendung des Gesetzes vom 11. M\u00e4rz 1957 (Art. 41) und des Gesetzes \u00fcber geistiges Eigentum vom 1. Juli 1992 ist jede Darstellung, Vervielf\u00e4ltigung, \u00c4nderung, teilweise oder vollst\u00e4ndige kommerzielle Nutzung sowie jede \u00dcbertragung auf eine andere Website ohne Genehmigung der Firma SAS FREERISE untersagt. Die Logos, Bilder und PDFs auf dieser Website sind Eigentum der Firma SAS FREERISE. Jede vollst\u00e4ndige oder teilweise Vervielf\u00e4ltigung dieser Website oder eines ihrer Bestandteile ist untersagt. Die Firma SAS FREERISE beh\u00e4lt sich das Recht vor, im Falle einer F\u00e4lschung und ganz allgemein einer Verletzung ihrer geistigen Eigentumsrechte Schadensersatz zu verlangen.<\/p>\n<h3>Copyright SAS FREERISE<\/h3>\n<p>Alle Texte, visuellen Inhalte, Schemata, Bilder, Videos und Logos sind Eigentum von SAS FREERISE.<\/p>\n<p>Jegliche Vervielf\u00e4ltigung, auch auszugsweise, ist ohne die Genehmigung von SAS FREERISE strengstens untersagt; Zuwiderhandlungen werden strafrechtlich verfolgt.<\/p>\n<p>Bitte senden Sie eine E-Mail an info@exhale-europe.com f\u00fcr alle Anfragen.<\/p>\n<h3>Haftungsausschluss<\/h3>\n<p>Der Inhalt dieser Website dient der allgemeinen Information \u00fcber ein oder mehrere L\u00fcftungsger\u00e4te und Luftbeweger. Die Informationen auf dieser Website wurden mit gr\u00f6\u00dftm\u00f6glicher Sorgfalt zusammengestellt und gepr\u00fcft. Dennoch \u00fcbernehmen wir keine Haftung f\u00fcr ihre Aktualit\u00e4t, Richtigkeit, Vollst\u00e4ndigkeit und\/oder Qualit\u00e4t.<\/p>\n<p>Wir \u00fcbernehmen keine Verantwortung f\u00fcr den Fall, dass die Verwendung eines Produkts teilweise oder vollst\u00e4ndig fehlschl\u00e4gt. Die beschriebenen Wirkungen dienen lediglich der Veranschaulichung und stellen keine endg\u00fcltige Gewissheit \u00fcber das Ergebnis f\u00fcr alle dar. Erfahrungsberichte, Wirksamkeitsstudien oder andere Informationen, die auf die Leistung unserer Produkte und Leistungen hinweisen, sind keine Garantie f\u00fcr eine \u00e4hnliche Wirkung bei allen Nutzern. Die erzielten Ergebnisse k\u00f6nnen von Person zu Person unterschiedlich ausfallen. Die verwendeten Bilder und Fotos dienen der Veranschaulichung und k\u00f6nnen nicht als garantiertes Ergebnis interpretiert werden.<\/p>\n<p>SAS FREERISE \u00fcbernimmt keine Verantwortung f\u00fcr Handlungen, die auf der Grundlage dieser Website unternommen werden.<\/p>\n<p>Die Nutzung dieser Website und das Herunterladen von Daten erfolgt auf eigenes Risiko. SAS FREERISE \u00fcbernimmt keine Haftung f\u00fcr Sch\u00e4den, insbesondere an den Datenbest\u00e4nden, der Hardware und\/oder Software des Nutzers, die aus einer solchen Handlung resultieren.<\/p>\n<h3>Richtlinie zum Schutz personenbezogener Daten<\/h3>\n<p>Unsere Website www.exhale-fans.com sammelt pers\u00f6nliche Daten \u00fcber Sie (Name, Vorname, Adresse, Telefon, E-Mail). Diese Daten werden in unserer privaten Datenbank, die von unserem Webdienstleister gesichert wird, archiviert und gesichert.<\/p>\n<p>Nur Mitarbeiter von FREERISE und unseres Webanbieters haben Zugriff.<\/p>\n<p>Nur Mitarbeiter von FREERISE k\u00f6nnen sie verwenden.<\/p>\n<p>Durch das Ausf\u00fcllen eines Formulars auf unserer Website www.exhale-fans.com erkl\u00e4ren Sie sich damit einverstanden, dass wir sie zu Marketingzwecken verwenden. Alle Formulare, die von den Nutzern der Website www.exhale-fans.com ausgef\u00fcllt werden, k\u00f6nnen f\u00fcr kommerzielle Aktionen verwendet werden.<\/p>\n<p>Sie k\u00f6nnen unsere Datenbanken verlassen:<\/p>\n<ul>\n<li>Durch eine einfache schriftliche oder m\u00fcndliche Anfrage an unsere Dienststellen (info@exhale-europe.com oder 04 92 38 96 50).<\/li>\n<li>Indem Sie sich von einer unserer E-Mails abmelden (Link zum Abmelden am Ende der E-Mail).<\/li>\n<\/ul>\n<p>Sie k\u00f6nnen uns auch bitten, Ihre Daten (E-Mail, Telefon, Postanschrift) zu \u00e4ndern oder teilweise zu l\u00f6schen, indem Sie eine schriftliche oder m\u00fcndliche Anfrage an unsere Dienststellen richten (info@exhale-europe.com oder 04 92 38 96 50).[\/et_pb_text][\/et_pb_column][\/et_pb_row][\/et_pb_section]<\/p>\n","protected":false},"excerpt":{"rendered":"<p>Rechtliche Hinweise Website-Design: ELLA Website-Eigent\u00fcmer: FREERISE SAS mit einem Kapital von 5000 \u20ac Freerise ist der exklusive europ\u00e4ische H\u00e4ndler der Exhale Deckenventilator Produkte.Rechtliche HinweiseEigent\u00fcmer der Website &amp; Verantwortlicher f\u00fcr die Ver\u00f6ffentlichung SAS FREERISE 2 avenue Pythagore BAL 33 06560 VALBONNE FRANKREICH Hosting der Internetseite OVH Rechte des Autors Die gesamte Website unterliegt der franz\u00f6sischen Gesetzgebung [&hellip;]<\/p>\n","protected":false},"author":2,"featured_media":0,"parent":0,"menu_order":0,"comment_status":"closed","ping_status":"closed","template":"","meta":{"_et_pb_use_builder":"on","_et_pb_old_content":"","_et_gb_content_width":"","footnotes":""},"class_list":["post-5601","page","type-page","status-publish","hentry"],"yoast_head":"<!-- This site is optimized with the Yoast SEO plugin v26.6 - https:\/\/yoast.com\/wordpress\/plugins\/seo\/ -->\n<title>Haftungsausschluss - Exhale Fans<\/title>\n<meta name=\"robots\" content=\"noindex, nofollow\" \/>\n<meta property=\"og:locale\" content=\"de_DE\" \/>\n<meta property=\"og:type\" content=\"article\" \/>\n<meta property=\"og:title\" content=\"Haftungsausschluss - Exhale Fans\" \/>\n<meta property=\"og:description\" content=\"Rechtliche Hinweise Website-Design: ELLA Website-Eigent\u00fcmer: FREERISE SAS mit einem Kapital von 5000 \u20ac Freerise ist der exklusive europ\u00e4ische H\u00e4ndler der Exhale Deckenventilator Produkte.Rechtliche HinweiseEigent\u00fcmer der Website &amp; Verantwortlicher f\u00fcr die Ver\u00f6ffentlichung SAS FREERISE 2 avenue Pythagore BAL 33 06560 VALBONNE FRANKREICH Hosting der Internetseite OVH Rechte des Autors Die gesamte Website unterliegt der franz\u00f6sischen Gesetzgebung [&hellip;]\" \/>\n<meta property=\"og:url\" content=\"https:\/\/www.exhale-fans.com\/de\/haftungsausschluss\/\" \/>\n<meta property=\"og:site_name\" content=\"Exhale Fans\" \/>\n<meta property=\"article:publisher\" content=\"https:\/\/www.facebook.com\/exhale.europe\" \/>\n<meta property=\"article:modified_time\" content=\"2025-01-29T01:11:03+00:00\" \/>\n<meta name=\"twitter:card\" content=\"summary_large_image\" \/>\n<meta name=\"twitter:label1\" content=\"Gesch\u00e4tzte Lesezeit\" \/>\n\t<meta name=\"twitter:data1\" content=\"7\u00a0Minuten\" \/>\n<script type=\"application\/ld+json\" class=\"yoast-schema-graph\">{\"@context\":\"https:\/\/schema.org\",\"@graph\":[{\"@type\":\"WebPage\",\"@id\":\"https:\/\/www.exhale-fans.com\/de\/haftungsausschluss\/\",\"url\":\"https:\/\/www.exhale-fans.com\/de\/haftungsausschluss\/\",\"name\":\"Haftungsausschluss - Exhale Fans\",\"isPartOf\":{\"@id\":\"https:\/\/www.exhale-fans.com\/de\/#website\"},\"datePublished\":\"2020-06-12T17:31:30+00:00\",\"dateModified\":\"2025-01-29T01:11:03+00:00\",\"breadcrumb\":{\"@id\":\"https:\/\/www.exhale-fans.com\/de\/haftungsausschluss\/#breadcrumb\"},\"inLanguage\":\"de\",\"potentialAction\":[{\"@type\":\"ReadAction\",\"target\":[\"https:\/\/www.exhale-fans.com\/de\/haftungsausschluss\/\"]}]},{\"@type\":\"BreadcrumbList\",\"@id\":\"https:\/\/www.exhale-fans.com\/de\/haftungsausschluss\/#breadcrumb\",\"itemListElement\":[{\"@type\":\"ListItem\",\"position\":1,\"name\":\"Deckenventilator\",\"item\":\"https:\/\/www.exhale-fans.com\/de\/\"},{\"@type\":\"ListItem\",\"position\":2,\"name\":\"Haftungsausschluss\"}]},{\"@type\":\"WebSite\",\"@id\":\"https:\/\/www.exhale-fans.com\/de\/#website\",\"url\":\"https:\/\/www.exhale-fans.com\/de\/\",\"name\":\"Exhale Fans\",\"description\":\"Exhale Fans\",\"publisher\":{\"@id\":\"https:\/\/www.exhale-fans.com\/de\/#organization\"},\"potentialAction\":[{\"@type\":\"SearchAction\",\"target\":{\"@type\":\"EntryPoint\",\"urlTemplate\":\"https:\/\/www.exhale-fans.com\/de\/?s={search_term_string}\"},\"query-input\":{\"@type\":\"PropertyValueSpecification\",\"valueRequired\":true,\"valueName\":\"search_term_string\"}}],\"inLanguage\":\"de\"},{\"@type\":\"Organization\",\"@id\":\"https:\/\/www.exhale-fans.com\/de\/#organization\",\"name\":\"Exhale Fans\",\"url\":\"https:\/\/www.exhale-fans.com\/de\/\",\"logo\":{\"@type\":\"ImageObject\",\"inLanguage\":\"de\",\"@id\":\"https:\/\/www.exhale-fans.com\/de\/#\/schema\/logo\/image\/\",\"url\":\"https:\/\/www.exhale-fans.com\/wp-content\/uploads\/2018\/09\/exhale-logo.png\",\"contentUrl\":\"https:\/\/www.exhale-fans.com\/wp-content\/uploads\/2018\/09\/exhale-logo.png\",\"width\":140,\"height\":43,\"caption\":\"Exhale Fans\"},\"image\":{\"@id\":\"https:\/\/www.exhale-fans.com\/de\/#\/schema\/logo\/image\/\"},\"sameAs\":[\"https:\/\/www.facebook.com\/exhale.europe\",\"https:\/\/www.instagram.com\/exhalefanseu\/\"]}]}<\/script>\n<!-- \/ Yoast SEO plugin. -->","yoast_head_json":{"title":"Haftungsausschluss - Exhale Fans","robots":{"index":"noindex","follow":"nofollow"},"og_locale":"de_DE","og_type":"article","og_title":"Haftungsausschluss - Exhale Fans","og_description":"Rechtliche Hinweise Website-Design: ELLA Website-Eigent\u00fcmer: FREERISE SAS mit einem Kapital von 5000 \u20ac Freerise ist der exklusive europ\u00e4ische H\u00e4ndler der Exhale Deckenventilator Produkte.Rechtliche HinweiseEigent\u00fcmer der Website &amp; Verantwortlicher f\u00fcr die Ver\u00f6ffentlichung SAS FREERISE 2 avenue Pythagore BAL 33 06560 VALBONNE FRANKREICH Hosting der Internetseite OVH Rechte des Autors Die gesamte Website unterliegt der franz\u00f6sischen Gesetzgebung [&hellip;]","og_url":"https:\/\/www.exhale-fans.com\/de\/haftungsausschluss\/","og_site_name":"Exhale Fans","article_publisher":"https:\/\/www.facebook.com\/exhale.europe","article_modified_time":"2025-01-29T01:11:03+00:00","twitter_card":"summary_large_image","twitter_misc":{"Gesch\u00e4tzte Lesezeit":"7\u00a0Minuten"},"schema":{"@context":"https:\/\/schema.org","@graph":[{"@type":"WebPage","@id":"https:\/\/www.exhale-fans.com\/de\/haftungsausschluss\/","url":"https:\/\/www.exhale-fans.com\/de\/haftungsausschluss\/","name":"Haftungsausschluss - Exhale Fans","isPartOf":{"@id":"https:\/\/www.exhale-fans.com\/de\/#website"},"datePublished":"2020-06-12T17:31:30+00:00","dateModified":"2025-01-29T01:11:03+00:00","breadcrumb":{"@id":"https:\/\/www.exhale-fans.com\/de\/haftungsausschluss\/#breadcrumb"},"inLanguage":"de","potentialAction":[{"@type":"ReadAction","target":["https:\/\/www.exhale-fans.com\/de\/haftungsausschluss\/"]}]},{"@type":"BreadcrumbList","@id":"https:\/\/www.exhale-fans.com\/de\/haftungsausschluss\/#breadcrumb","itemListElement":[{"@type":"ListItem","position":1,"name":"Deckenventilator","item":"https:\/\/www.exhale-fans.com\/de\/"},{"@type":"ListItem","position":2,"name":"Haftungsausschluss"}]},{"@type":"WebSite","@id":"https:\/\/www.exhale-fans.com\/de\/#website","url":"https:\/\/www.exhale-fans.com\/de\/","name":"Exhale Fans","description":"Exhale Fans","publisher":{"@id":"https:\/\/www.exhale-fans.com\/de\/#organization"},"potentialAction":[{"@type":"SearchAction","target":{"@type":"EntryPoint","urlTemplate":"https:\/\/www.exhale-fans.com\/de\/?s={search_term_string}"},"query-input":{"@type":"PropertyValueSpecification","valueRequired":true,"valueName":"search_term_string"}}],"inLanguage":"de"},{"@type":"Organization","@id":"https:\/\/www.exhale-fans.com\/de\/#organization","name":"Exhale Fans","url":"https:\/\/www.exhale-fans.com\/de\/","logo":{"@type":"ImageObject","inLanguage":"de","@id":"https:\/\/www.exhale-fans.com\/de\/#\/schema\/logo\/image\/","url":"https:\/\/www.exhale-fans.com\/wp-content\/uploads\/2018\/09\/exhale-logo.png","contentUrl":"https:\/\/www.exhale-fans.com\/wp-content\/uploads\/2018\/09\/exhale-logo.png","width":140,"height":43,"caption":"Exhale Fans"},"image":{"@id":"https:\/\/www.exhale-fans.com\/de\/#\/schema\/logo\/image\/"},"sameAs":["https:\/\/www.facebook.com\/exhale.europe","https:\/\/www.instagram.com\/exhalefanseu\/"]}]}},"_links":{"self":[{"href":"https:\/\/www.exhale-fans.com\/de\/wp-json\/wp\/v2\/pages\/5601","targetHints":{"allow":["GET"]}}],"collection":[{"href":"https:\/\/www.exhale-fans.com\/de\/wp-json\/wp\/v2\/pages"}],"about":[{"href":"https:\/\/www.exhale-fans.com\/de\/wp-json\/wp\/v2\/types\/page"}],"author":[{"embeddable":true,"href":"https:\/\/www.exhale-fans.com\/de\/wp-json\/wp\/v2\/users\/2"}],"replies":[{"embeddable":true,"href":"https:\/\/www.exhale-fans.com\/de\/wp-json\/wp\/v2\/comments?post=5601"}],"version-history":[{"count":13,"href":"https:\/\/www.exhale-fans.com\/de\/wp-json\/wp\/v2\/pages\/5601\/revisions"}],"predecessor-version":[{"id":38203,"href":"https:\/\/www.exhale-fans.com\/de\/wp-json\/wp\/v2\/pages\/5601\/revisions\/38203"}],"wp:attachment":[{"href":"https:\/\/www.exhale-fans.com\/de\/wp-json\/wp\/v2\/media?parent=5601"}],"curies":[{"name":"wp","href":"https:\/\/api.w.org\/{rel}","templated":true}]}}